{"id":19,"date":"2023-05-21T12:08:05","date_gmt":"2023-05-21T03:08:05","guid":{"rendered":"https:\/\/hoiku-sample.webraku.biz\/?page_id=19"},"modified":"2023-05-26T21:58:31","modified_gmt":"2023-05-26T12:58:31","slug":"home","status":"publish","type":"page","link":"https:\/\/hoiku-sample.webraku.biz\/","title":{"rendered":"\u30db\u30fc\u30e0"},"content":{"rendered":"\n<div class=\"swell-block-fullWide pc-py-60 sp-py-40 has-bg-img alignfull lazyload\" data-bg=\"https:\/\/hoiku-sample.webraku.biz\/wp-content\/uploads\/2023\/05\/policy_bg.png\"><div class=\"swell-block-fullWide__inner l-article\">\n<h2 class=\"wp-block-heading is-style-section_ttl\" id=\"process\">\u4fdd\u80b2\u65b9\u91dd<\/h2>\n\n\n\n<div class=\"swell-block-columns\" style=\"--clmn-w--pc:33.33%\"><div class=\"swell-block-columns__inner\">\n<div class=\"swell-block-column swl-has-mb--s\">\n<div class=\"wp-block-group is-style-big_icon_good policy\"><div class=\"wp-block-group__inner-container is-layout-constrained wp-block-group-is-layout-constrained\">\n<p class=\"has-text-align-center fs_18\"><strong>\u4e00\u4eba\u3072\u3068\u308a\u306b\u5bc4\u308a\u6dfb\u3046<\/strong><\/p>\n\n\n\n<figure class=\"wp-block-image size-large\"><img decoding=\"async\" width=\"1024\" height=\"768\" src=\"https:\/\/hoiku-sample.webraku.biz\/wp-content\/uploads\/2023\/05\/approach-1024x768.png\" alt=\"\" class=\"wp-image-109\" srcset=\"https:\/\/hoiku-sample.webraku.biz\/wp-content\/uploads\/2023\/05\/approach-1024x768.png 1024w, https:\/\/hoiku-sample.webraku.biz\/wp-content\/uploads\/2023\/05\/approach-300x225.png 300w, https:\/\/hoiku-sample.webraku.biz\/wp-content\/uploads\/2023\/05\/approach-768x576.png 768w, https:\/\/hoiku-sample.webraku.biz\/wp-content\/uploads\/2023\/05\/approach-1536x1152.png 1536w, https:\/\/hoiku-sample.webraku.biz\/wp-content\/uploads\/2023\/05\/approach.png 1600w\" sizes=\"(max-width: 1024px) 100vw, 1024px\" \/><\/figure>\n\n\n\n<p class=\"block_white\">\u30b5\u30f3\u30d7\u30eb\u30c6\u30ad\u30b9\u30c8\u30b5\u30f3\u30d7\u30eb\u30c6\u30ad\u30b9\u30c8\u30b5\u30f3\u30d7\u30eb\u30c6\u30ad\u30b9\u30c8\u30b5\u30f3\u30d7\u30eb\u30c6\u30ad\u30b9\u30c8\u30b5\u30f3\u30d7\u30eb\u30c6\u30ad\u30b9\u30c8\u30b5\u30f3\u30d7\u30eb\u30c6\u30ad\u30b9\u30c8<\/p>\n<\/div><\/div>\n<\/div>\n\n\n\n<div class=\"swell-block-column swl-has-mb--s\">\n<div class=\"wp-block-group is-style-big_icon_good policy\"><div class=\"wp-block-group__inner-container is-layout-constrained wp-block-group-is-layout-constrained\">\n<p class=\"has-text-align-center fs_18\"><strong>\u500b\u3005\u30fb\u500b\u6027\u3092\u5927\u5207\u306b<\/strong><\/p>\n\n\n\n<figure class=\"wp-block-image size-large\"><img decoding=\"async\" width=\"1024\" height=\"768\" src=\"https:\/\/hoiku-sample.webraku.biz\/wp-content\/uploads\/2023\/05\/important-1024x768.png\" alt=\"\" class=\"wp-image-110\" srcset=\"https:\/\/hoiku-sample.webraku.biz\/wp-content\/uploads\/2023\/05\/important-1024x768.png 1024w, https:\/\/hoiku-sample.webraku.biz\/wp-content\/uploads\/2023\/05\/important-300x225.png 300w, https:\/\/hoiku-sample.webraku.biz\/wp-content\/uploads\/2023\/05\/important-768x576.png 768w, https:\/\/hoiku-sample.webraku.biz\/wp-content\/uploads\/2023\/05\/important-1536x1152.png 1536w, https:\/\/hoiku-sample.webraku.biz\/wp-content\/uploads\/2023\/05\/important.png 1600w\" sizes=\"(max-width: 1024px) 100vw, 1024px\" \/><\/figure>\n\n\n\n<p class=\"block_white\">\u30b5\u30f3\u30d7\u30eb\u30c6\u30ad\u30b9\u30c8\u30b5\u30f3\u30d7\u30eb\u30c6\u30ad\u30b9\u30c8\u30b5\u30f3\u30d7\u30eb\u30c6\u30ad\u30b9\u30c8\u30b5\u30f3\u30d7\u30eb\u30c6\u30ad\u30b9\u30c8\u30b5\u30f3\u30d7\u30eb\u30c6\u30ad\u30b9\u30c8\u30b5\u30f3\u30d7\u30eb\u30c6\u30ad\u30b9\u30c8<\/p>\n<\/div><\/div>\n<\/div>\n\n\n\n<div class=\"swell-block-column swl-has-mb--s\">\n<div class=\"wp-block-group is-style-big_icon_good policy\"><div class=\"wp-block-group__inner-container is-layout-constrained wp-block-group-is-layout-constrained\">\n<p class=\"has-text-align-center fs_18\"><strong>\u5b50\u3069\u3082\u306e\u6c17\u6301\u3061\u3092\u5c0a\u91cd<\/strong><\/p>\n\n\n\n<figure class=\"wp-block-image size-large\"><img decoding=\"async\" width=\"1024\" height=\"768\" src=\"https:\/\/hoiku-sample.webraku.biz\/wp-content\/uploads\/2023\/05\/feel-1024x768.png\" alt=\"\" class=\"wp-image-111\" srcset=\"https:\/\/hoiku-sample.webraku.biz\/wp-content\/uploads\/2023\/05\/feel-1024x768.png 1024w, https:\/\/hoiku-sample.webraku.biz\/wp-content\/uploads\/2023\/05\/feel-300x225.png 300w, https:\/\/hoiku-sample.webraku.biz\/wp-content\/uploads\/2023\/05\/feel-768x576.png 768w, https:\/\/hoiku-sample.webraku.biz\/wp-content\/uploads\/2023\/05\/feel-1536x1152.png 1536w, https:\/\/hoiku-sample.webraku.biz\/wp-content\/uploads\/2023\/05\/feel.png 1600w\" sizes=\"(max-width: 1024px) 100vw, 1024px\" \/><\/figure>\n\n\n\n<p class=\"block_white\">\u30b5\u30f3\u30d7\u30eb\u30c6\u30ad\u30b9\u30c8\u30b5\u30f3\u30d7\u30eb\u30c6\u30ad\u30b9\u30c8\u30b5\u30f3\u30d7\u30eb\u30c6\u30ad\u30b9\u30c8\u30b5\u30f3\u30d7\u30eb\u30c6\u30ad\u30b9\u30c8\u30b5\u30f3\u30d7\u30eb\u30c6\u30ad\u30b9\u30c8\u30b5\u30f3\u30d7\u30eb\u30c6\u30ad\u30b9\u30c8<\/p>\n<\/div><\/div>\n<\/div>\n<\/div><\/div>\n<\/div><\/div>\n\n\n\n<h2 class=\"wp-block-heading is-style-section_ttl\" id=\"how\">\u5712\u3067\u306e\u904e\u3054\u3057\u65b9<\/h2>\n\n\n\n<div class=\"swell-block-columns\"><div class=\"swell-block-columns__inner\">\n<div class=\"swell-block-column swl-has-mb--s\">\n<figure class=\"wp-block-image size-full\"><img decoding=\"async\" width=\"640\" height=\"427\" src=\"https:\/\/hoiku-sample.webraku.biz\/wp-content\/uploads\/2023\/05\/schedule.jpg\" alt=\"\" class=\"wp-image-68\" srcset=\"https:\/\/hoiku-sample.webraku.biz\/wp-content\/uploads\/2023\/05\/schedule.jpg 640w, https:\/\/hoiku-sample.webraku.biz\/wp-content\/uploads\/2023\/05\/schedule-300x200.jpg 300w\" sizes=\"(max-width: 640px) 100vw, 640px\" \/><\/figure>\n<\/div>\n\n\n\n<div class=\"swell-block-column swl-has-mb--s\">\n<div class=\"wp-block-group\"><div class=\"wp-block-group__inner-container is-layout-constrained wp-block-group-is-layout-constrained\">\n<div class=\"wp-block-group has-border -border01 is-style-bg_stripe\"><div class=\"wp-block-group__inner-container is-layout-constrained wp-block-group-is-layout-constrained\">\n<ul class=\"wp-block-list\">\n<li><strong>08:00<\/strong>\u3000\u9806\u6b21\u767b\u5712<\/li>\n\n\n\n<li><strong>09:20<\/strong>\u3000\u304a\u7247\u4ed8\u3051\u30fb\u6392\u6cc4<\/li>\n\n\n\n<li><strong>09:30<\/strong>\u3000\u5348\u524d\u306e\u304a\u3084\u3064<\/li>\n\n\n\n<li><strong>09:50<\/strong>\u3000\u671d\u306e\u4f1a<\/li>\n\n\n\n<li><strong>10:00<\/strong>\u3000\u6d3b\u52d5\uff08\u6563\u6b69\u30fb\u5236\u4f5c\u306a\u3069\uff09<\/li>\n\n\n\n<li><strong>11:00<\/strong>\u3000\u6392\u6cc4<\/li>\n\n\n\n<li><strong>11:15<\/strong>\u3000\u7d66\u98df<\/li>\n\n\n\n<li><strong>12:00<\/strong>\u3000\u304a\u663c\u5bdd<\/li>\n\n\n\n<li><strong>14:30<\/strong>\u3000\u8d77\u5e8a\u30fb\u6392\u6cc4<\/li>\n\n\n\n<li><strong>15:00<\/strong>\u3000\u304a\u3084\u3064<\/li>\n\n\n\n<li><strong>15:30<\/strong>\u3000\u5e30\u308a\u306e\u4f1a\u30fb\u9806\u6b21\u964d\u5712\u30fb\u81ea\u7531\u904a\u3073<\/li>\n\n\n\n<li><strong>19:00<\/strong>\u3000\u9589\u5712<\/li>\n<\/ul>\n<\/div><\/div>\n<\/div><\/div>\n<\/div>\n<\/div><\/div>\n\n\n\n<div class=\"swell-block-fullWide pc-py-60 sp-py-40 has-bg-img alignfull lazyload\" style=\"background-color:rgba(247, 247, 247, 0.5)\" data-bg=\"https:\/\/hoiku-sample.webraku.biz\/wp-content\/uploads\/2023\/05\/reason_bg.jpg\"><div class=\"swell-block-fullWide__inner l-article\">\n<h2 class=\"wp-block-heading is-style-section_ttl\" id=\"reason\">\u5f53\u5712\u304c\u9078\u3070\u308c\u308b\u7406\u7531<\/h2>\n\n\n\n<div class=\"swell-block-columns\"><div class=\"swell-block-columns__inner\">\n<div class=\"swell-block-column swl-has-mb--s\">\n<figure class=\"wp-block-image size-full\"><img decoding=\"async\" width=\"500\" height=\"500\" src=\"https:\/\/hoiku-sample.webraku.biz\/wp-content\/uploads\/2023\/05\/point_1.png\" alt=\"\" class=\"wp-image-149\" srcset=\"https:\/\/hoiku-sample.webraku.biz\/wp-content\/uploads\/2023\/05\/point_1.png 500w, https:\/\/hoiku-sample.webraku.biz\/wp-content\/uploads\/2023\/05\/point_1-300x300.png 300w, https:\/\/hoiku-sample.webraku.biz\/wp-content\/uploads\/2023\/05\/point_1-150x150.png 150w\" sizes=\"(max-width: 500px) 100vw, 500px\" \/><\/figure>\n<\/div>\n\n\n\n<div class=\"swell-block-column swl-has-mb--s\">\n<div class=\"wp-block-group is-style-crease\"><div class=\"wp-block-group__inner-container is-layout-constrained wp-block-group-is-layout-constrained\">\n<p class=\"has-text-align-center\"><strong><span class=\"swl-fz u-fz-l\">\u5b89\u5fc3\u3057\u3066\u9810\u3051\u3089\u308c\u308b\u4fdd\u80b2\u4f53\u5236<\/span><\/strong><\/p>\n\n\n\n<p>\u30b5\u30f3\u30d7\u30eb\u30c6\u30ad\u30b9\u30c8\u30b5\u30f3\u30d7\u30eb\u30c6\u30ad\u30b9\u30c8\u30b5\u30f3\u30d7\u30eb\u30c6\u30ad\u30b9\u30c8\u30b5\u30f3\u30d7\u30eb\u30c6\u30ad\u30b9\u30c8\u30b5\u30f3\u30d7\u30eb\u30c6\u30ad\u30b9\u30c8\u30b5\u30f3\u30d7\u30eb\u30c6\u30ad\u30b9\u30c8\u30b5\u30f3\u30d7\u30eb\u30c6\u30ad\u30b9\u30c8\u30b5\u30f3\u30d7\u30eb\u30c6\u30ad\u30b9\u30c8\u30b5\u30f3\u30d7\u30eb\u30c6\u30ad\u30b9\u30c8\u30b5\u30f3\u30d7\u30eb\u30c6\u30ad\u30b9\u30c8\u30b5\u30f3\u30d7\u30eb\u30c6\u30ad\u30b9\u30c8\u30b5\u30f3\u30d7\u30eb\u30c6\u30ad\u30b9\u30c8\u30b5\u30f3\u30d7\u30eb\u30c6\u30ad\u30b9\u30c8\u30b5\u30f3\u30d7\u30eb\u30c6\u30ad\u30b9\u30c8\u30b5\u30f3\u30d7\u30eb\u30c6\u30ad\u30b9\u30c8\u30b5\u30f3\u30d7\u30eb\u30c6\u30ad\u30b9\u30c8\u30b5\u30f3\u30d7\u30eb\u30c6\u30ad\u30b9\u30c8\u30b5\u30f3\u30d7\u30eb\u30c6\u30ad\u30b9\u30c8\u30b5\u30f3\u30d7\u30eb\u30c6\u30ad\u30b9\u30c8\u30b5\u30f3\u30d7\u30eb\u30c6\u30ad\u30b9\u30c8\u30b5\u30f3\u30d7\u30eb\u30c6\u30ad\u30b9\u30c8\u30b5\u30f3\u30d7\u30eb\u30c6\u30ad\u30b9\u30c8\u30b5\u30f3\u30d7\u30eb\u30c6\u30ad\u30b9\u30c8\u30b5\u30f3\u30d7\u30eb\u30c6\u30ad\u30b9\u30c8\u30b5\u30f3\u30d7\u30eb\u30c6\u30ad\u30b9\u30c8\u30b5\u30f3\u30d7\u30eb\u30c6\u30ad\u30b9\u30c8<\/p>\n<\/div><\/div>\n<\/div>\n\n\n\n<div class=\"swell-block-column swl-has-mb--s\">\n<div class=\"wp-block-group is-style-crease\"><div class=\"wp-block-group__inner-container is-layout-constrained wp-block-group-is-layout-constrained\">\n<p class=\"has-text-align-center\"><strong><span class=\"swl-fz u-fz-l\">\u5145\u5b9f\u3057\u305f\u8a2d\u5099\u3068\u4fdd\u80b2\u30ab\u30ea\u30ad\u30e5\u30e9\u30e0<\/span><\/strong><\/p>\n\n\n\n<p>\u30b5\u30f3\u30d7\u30eb\u30c6\u30ad\u30b9\u30c8\u30b5\u30f3\u30d7\u30eb\u30c6\u30ad\u30b9\u30c8\u30b5\u30f3\u30d7\u30eb\u30c6\u30ad\u30b9\u30c8\u30b5\u30f3\u30d7\u30eb\u30c6\u30ad\u30b9\u30c8\u30b5\u30f3\u30d7\u30eb\u30c6\u30ad\u30b9\u30c8\u30b5\u30f3\u30d7\u30eb\u30c6\u30ad\u30b9\u30c8\u30b5\u30f3\u30d7\u30eb\u30c6\u30ad\u30b9\u30c8\u30b5\u30f3\u30d7\u30eb\u30c6\u30ad\u30b9\u30c8\u30b5\u30f3\u30d7\u30eb\u30c6\u30ad\u30b9\u30c8\u30b5\u30f3\u30d7\u30eb\u30c6\u30ad\u30b9\u30c8\u30b5\u30f3\u30d7\u30eb\u30c6\u30ad\u30b9\u30c8\u30b5\u30f3\u30d7\u30eb\u30c6\u30ad\u30b9\u30c8\u30b5\u30f3\u30d7\u30eb\u30c6\u30ad\u30b9\u30c8\u30b5\u30f3\u30d7\u30eb\u30c6\u30ad\u30b9\u30c8\u30b5\u30f3\u30d7\u30eb\u30c6\u30ad\u30b9\u30c8\u30b5\u30f3\u30d7\u30eb\u30c6\u30ad\u30b9\u30c8\u30b5\u30f3\u30d7\u30eb\u30c6\u30ad\u30b9\u30c8\u30b5\u30f3\u30d7\u30eb\u30c6\u30ad\u30b9\u30c8\u30b5\u30f3\u30d7\u30eb\u30c6\u30ad\u30b9\u30c8\u30b5\u30f3\u30d7\u30eb\u30c6\u30ad\u30b9\u30c8\u30b5\u30f3\u30d7\u30eb\u30c6\u30ad\u30b9\u30c8\u30b5\u30f3\u30d7\u30eb\u30c6\u30ad\u30b9\u30c8\u30b5\u30f3\u30d7\u30eb\u30c6\u30ad\u30b9\u30c8\u30b5\u30f3\u30d7\u30eb\u30c6\u30ad\u30b9\u30c8\u30b5\u30f3\u30d7\u30eb\u30c6\u30ad\u30b9\u30c8<\/p>\n<\/div><\/div>\n<\/div>\n\n\n\n<div class=\"swell-block-column swl-has-mb--s\">\n<figure class=\"wp-block-image size-full\"><img decoding=\"async\" width=\"500\" height=\"500\" src=\"https:\/\/hoiku-sample.webraku.biz\/wp-content\/uploads\/2023\/05\/point_2.png\" alt=\"\" class=\"wp-image-152\" srcset=\"https:\/\/hoiku-sample.webraku.biz\/wp-content\/uploads\/2023\/05\/point_2.png 500w, https:\/\/hoiku-sample.webraku.biz\/wp-content\/uploads\/2023\/05\/point_2-300x300.png 300w, https:\/\/hoiku-sample.webraku.biz\/wp-content\/uploads\/2023\/05\/point_2-150x150.png 150w\" sizes=\"(max-width: 500px) 100vw, 500px\" \/><\/figure>\n<\/div>\n\n\n\n<div class=\"swell-block-column swl-has-mb--s\">\n<figure class=\"wp-block-image size-full\"><img decoding=\"async\" width=\"500\" height=\"500\" src=\"https:\/\/hoiku-sample.webraku.biz\/wp-content\/uploads\/2023\/05\/point_3.png\" alt=\"\" class=\"wp-image-153\" srcset=\"https:\/\/hoiku-sample.webraku.biz\/wp-content\/uploads\/2023\/05\/point_3.png 500w, https:\/\/hoiku-sample.webraku.biz\/wp-content\/uploads\/2023\/05\/point_3-300x300.png 300w, https:\/\/hoiku-sample.webraku.biz\/wp-content\/uploads\/2023\/05\/point_3-150x150.png 150w\" sizes=\"(max-width: 500px) 100vw, 500px\" \/><\/figure>\n<\/div>\n\n\n\n<div class=\"swell-block-column swl-has-mb--s\">\n<div class=\"wp-block-group is-style-crease\"><div class=\"wp-block-group__inner-container is-layout-constrained wp-block-group-is-layout-constrained\">\n<p class=\"has-text-align-center\"><strong><span class=\"swl-fz u-fz-l\">\u305f\u304f\u3055\u3093\u89e6\u308c\u5408\u3048\u308b\u74b0\u5883\u3065\u304f\u308a<\/span><\/strong><\/p>\n\n\n\n<p>\u30b5\u30f3\u30d7\u30eb\u30c6\u30ad\u30b9\u30c8\u30b5\u30f3\u30d7\u30eb\u30c6\u30ad\u30b9\u30c8\u30b5\u30f3\u30d7\u30eb\u30c6\u30ad\u30b9\u30c8\u30b5\u30f3\u30d7\u30eb\u30c6\u30ad\u30b9\u30c8\u30b5\u30f3\u30d7\u30eb\u30c6\u30ad\u30b9\u30c8\u30b5\u30f3\u30d7\u30eb\u30c6\u30ad\u30b9\u30c8\u30b5\u30f3\u30d7\u30eb\u30c6\u30ad\u30b9\u30c8\u30b5\u30f3\u30d7\u30eb\u30c6\u30ad\u30b9\u30c8\u30b5\u30f3\u30d7\u30eb\u30c6\u30ad\u30b9\u30c8\u30b5\u30f3\u30d7\u30eb\u30c6\u30ad\u30b9\u30c8\u30b5\u30f3\u30d7\u30eb\u30c6\u30ad\u30b9\u30c8\u30b5\u30f3\u30d7\u30eb\u30c6\u30ad\u30b9\u30c8\u30b5\u30f3\u30d7\u30eb\u30c6\u30ad\u30b9\u30c8\u30b5\u30f3\u30d7\u30eb\u30c6\u30ad\u30b9\u30c8\u30b5\u30f3\u30d7\u30eb\u30c6\u30ad\u30b9\u30c8\u30b5\u30f3\u30d7\u30eb\u30c6\u30ad\u30b9\u30c8\u30b5\u30f3\u30d7\u30eb\u30c6\u30ad\u30b9\u30c8\u30b5\u30f3\u30d7\u30eb\u30c6\u30ad\u30b9\u30c8\u30b5\u30f3\u30d7\u30eb\u30c6\u30ad\u30b9\u30c8\u30b5\u30f3\u30d7\u30eb\u30c6\u30ad\u30b9\u30c8\u30b5\u30f3\u30d7\u30eb\u30c6\u30ad\u30b9\u30c8\u30b5\u30f3\u30d7\u30eb\u30c6\u30ad\u30b9\u30c8\u30b5\u30f3\u30d7\u30eb\u30c6\u30ad\u30b9\u30c8\u30b5\u30f3\u30d7\u30eb\u30c6\u30ad\u30b9\u30c8\u30b5\u30f3\u30d7\u30eb\u30c6\u30ad\u30b9\u30c8\u30b5\u30f3\u30d7\u30eb\u30c6\u30ad\u30b9\u30c8\u30b5\u30f3\u30d7\u30eb\u30c6\u30ad\u30b9\u30c8\u30b5\u30f3\u30d7\u30eb\u30c6\u30ad\u30b9\u30c8\u30b5\u30f3\u30d7\u30eb\u30c6\u30ad\u30b9\u30c8<\/p>\n<\/div><\/div>\n<\/div>\n<\/div><\/div>\n<\/div><\/div>\n\n\n\n<div class=\"swell-block-fullWide pc-py-60 sp-py-40 alignfull\" style=\"background-color:#f7f7f7\"><div class=\"swell-block-fullWide__inner l-article\">\n<h2 class=\"wp-block-heading is-style-section_ttl\" id=\"about\">\u5712\u306e\u3054\u6848\u5185<\/h2>\n\n\n\n<div class=\"swell-block-columns\"><div class=\"swell-block-columns__inner\">\n<div class=\"swell-block-column swl-has-mb--s\">\n<iframe src=\"https:\/\/www.google.com\/maps\/embed?pb=!1m18!1m12!1m3!1d3240.604042214916!2d139.57019338297857!3d35.68675050000001!2m3!1f0!2f0!3f0!3m2!1i1024!2i768!4f13.1!3m3!1m2!1s0x6018ee2c60c8cb15%3A0x4a966eb83bb8fb6a!2z44CSMTgxLTAwMTMg5p2x5Lqs6YO95LiJ6be55biC5LiL6YCj6ZuA77yV5LiB55uu77yR4oiS77yT77yV!5e0!3m2!1sja!2sjp!4v1684663180212!5m2!1sja!2sjp\" width=\"600\" height=\"350\" style=\"border:0;\" allowfullscreen=\"\" loading=\"lazy\" referrerpolicy=\"no-referrer-when-downgrade\"><\/iframe>\n<\/div>\n\n\n\n<div class=\"swell-block-column swl-has-mb--s info\">\n\n\n\n\n<figure class=\"wp-block-table\"><table><tbody><tr><td>\u5712\u540d<\/td><td>\u30cf\u30c3\u30d4\u30fc\u3053\u3069\u3082\u4fdd\u80b2\u5712<\/td><\/tr><tr><td>\u4f4f\u6240<\/td><td>\u3012181-0013\u3000\u6771\u4eac\u90fd\u4e09\u9df9\u5e02\u00d7\u00d7\u00d7\u00d7\u00d7\u00d7<\/td><\/tr><tr><td>\u96fb\u8a71<\/td><td>000-1234-5678<\/td><\/tr><tr><td>\u5712\u9577<\/td><td>\u516b\u65e5\u3000\u82b1\u5b50<\/td><\/tr><\/tbody><\/table><\/figure>\n<\/div>\n\n\n\n<div class=\"swell-block-column swl-has-mb--s\">\n\n<\/div>\n<\/div><\/div>\n<\/div><\/div>\n\n\n\n<div class=\"swell-block-fullWide pc-py-60 sp-py-40 alignfull\" style=\"background-color:#d0eeed\"><div class=\"swell-block-fullWide__inner l-article\">\n<div class=\"wp-block-buttons is-content-justification-center is-layout-flex wp-container-core-buttons-is-layout-16018d1d wp-block-buttons-is-layout-flex\">\n<div class=\"wp-block-button\" id=\"contact\"><a class=\"wp-block-button__link has-text-align-center wp-element-button\">\u5165\u5712\u306e\u304a\u7533\u8fbc\u307f\u306f\u3053\u3061\u3089\u304b\u3089<\/a><\/div>\n<\/div>\n<\/div><\/div>\n","protected":false},"excerpt":{"rendered":"<p>\u5712\u3067\u306e\u904e\u3054\u3057\u65b9<\/p>\n","protected":false},"author":2,"featured_media":0,"parent":0,"menu_order":0,"comment_status":"closed","ping_status":"closed","template":"","meta":{"swell_btn_cv_data":"","footnotes":""},"class_list":["post-19","page","type-page","status-publish","hentry"],"_links":{"self":[{"href":"https:\/\/hoiku-sample.webraku.biz\/index.php?rest_route=\/wp\/v2\/pages\/19","targetHints":{"allow":["GET"]}}],"collection":[{"href":"https:\/\/hoiku-sample.webraku.biz\/index.php?rest_route=\/wp\/v2\/pages"}],"about":[{"href":"https:\/\/hoiku-sample.webraku.biz\/index.php?rest_route=\/wp\/v2\/types\/page"}],"author":[{"embeddable":true,"href":"https:\/\/hoiku-sample.webraku.biz\/index.php?rest_route=\/wp\/v2\/users\/2"}],"replies":[{"embeddable":true,"href":"https:\/\/hoiku-sample.webraku.biz\/index.php?rest_route=%2Fwp%2Fv2%2Fcomments&post=19"}],"version-history":[{"count":49,"href":"https:\/\/hoiku-sample.webraku.biz\/index.php?rest_route=\/wp\/v2\/pages\/19\/revisions"}],"predecessor-version":[{"id":165,"href":"https:\/\/hoiku-sample.webraku.biz\/index.php?rest_route=\/wp\/v2\/pages\/19\/revisions\/165"}],"wp:attachment":[{"href":"https:\/\/hoiku-sample.webraku.biz\/index.php?rest_route=%2Fwp%2Fv2%2Fmedia&parent=19"}],"curies":[{"name":"wp","href":"https:\/\/api.w.org\/{rel}","templated":true}]}}